{"id":265,"date":"2024-03-06T14:21:09","date_gmt":"2024-03-06T13:21:09","guid":{"rendered":"https:\/\/lessuiteslove.fr\/?page_id=265"},"modified":"2025-04-02T09:16:01","modified_gmt":"2025-04-02T07:16:01","slug":"suites","status":"publish","type":"page","link":"https:\/\/lessuiteslove.fr\/?page_id=265","title":{"rendered":"Suites"},"content":{"rendered":"<p>[et_pb_section fb_built=\u00a0\u00bb1&Prime; _builder_version=\u00a0\u00bb4.23.4&Prime; _module_preset=\u00a0\u00bbdefault\u00a0\u00bb background_color=\u00a0\u00bb#f6f5f0&Prime; custom_padding=\u00a0\u00bb0px||0px|||\u00a0\u00bb global_colors_info=\u00a0\u00bb{}\u00a0\u00bb][et_pb_row custom_padding_last_edited=\u00a0\u00bbon|phone\u00a0\u00bb _builder_version=\u00a0\u00bb4.23.4&Prime; _module_preset=\u00a0\u00bbdefault\u00a0\u00bb custom_padding=\u00a0\u00bb||21px||false|false\u00a0\u00bb custom_padding_tablet=\u00a0\u00bb||21px||false|false\u00a0\u00bb custom_padding_phone=\u00a0\u00bb||5px||false|false\u00a0\u00bb global_colors_info=\u00a0\u00bb{}\u00a0\u00bb][et_pb_column type=\u00a0\u00bb4_4&Prime; _builder_version=\u00a0\u00bb4.23.4&Prime; _module_preset=\u00a0\u00bbdefault\u00a0\u00bb global_colors_info=\u00a0\u00bb{}\u00a0\u00bb][et_pb_text _builder_version=\u00a0\u00bb4.23.4&Prime; _module_preset=\u00a0\u00bbdefault\u00a0\u00bb header_font=\u00a0\u00bbGreat Vibes||||||||\u00a0\u00bb header_text_align=\u00a0\u00bbcenter\u00a0\u00bb header_text_color=\u00a0\u00bb#b2957c\u00a0\u00bb header_font_size=\u00a0\u00bb51px\u00a0\u00bb header_letter_spacing=\u00a0\u00bb4px\u00a0\u00bb custom_margin=\u00a0\u00bb||0px|||\u00a0\u00bb custom_padding=\u00a0\u00bb||4px|||\u00a0\u00bb animation_style=\u00a0\u00bbfade\u00a0\u00bb header_font_size_tablet=\u00a0\u00bb42px\u00a0\u00bb header_font_size_phone=\u00a0\u00bb40px\u00a0\u00bb header_font_size_last_edited=\u00a0\u00bbon|phone\u00a0\u00bb global_colors_info=\u00a0\u00bb{}\u00a0\u00bb]<\/p>\n<h1>Nos Suites<\/h1>\n<p>[\/et_pb_text][et_pb_text _builder_version=\u00a0\u00bb4.23.4&Prime; _module_preset=\u00a0\u00bbdefault\u00a0\u00bb header_font=\u00a0\u00bbEB Garamond||||||||\u00a0\u00bb header_text_align=\u00a0\u00bbcenter\u00a0\u00bb header_text_color=\u00a0\u00bb#5f8151&Prime; header_2_font=\u00a0\u00bbLato|||on|||||\u00a0\u00bb header_2_text_align=\u00a0\u00bbcenter\u00a0\u00bb header_2_text_color=\u00a0\u00bb#7b5745&Prime; header_2_font_size=\u00a0\u00bb15px\u00a0\u00bb header_2_letter_spacing=\u00a0\u00bb3px\u00a0\u00bb header_2_line_height=\u00a0\u00bb1.3em\u00a0\u00bb custom_margin=\u00a0\u00bb||4px|||\u00a0\u00bb custom_padding=\u00a0\u00bb||2px|||\u00a0\u00bb animation_style=\u00a0\u00bbfade\u00a0\u00bb global_colors_info=\u00a0\u00bb{}\u00a0\u00bb]<\/p>\n<h2><span>Explorez nos 3 suites Love offrant une vue imprenable sur la mer M\u00e9diterran\u00e9e \u00e0 Marseille.<\/span><\/h2>\n<p>[\/et_pb_text][\/et_pb_column][\/et_pb_row][et_pb_row column_structure=\u00a0\u00bb1_2,1_2&Prime; _builder_version=\u00a0\u00bb4.23.4&Prime; _module_preset=\u00a0\u00bbdefault\u00a0\u00bb width=\u00a0\u00bb88%\u00a0\u00bb custom_margin=\u00a0\u00bb||52px||false|false\u00a0\u00bb custom_margin_tablet=\u00a0\u00bb||52px||false|false\u00a0\u00bb custom_margin_phone=\u00a0\u00bb||31px||false|false\u00a0\u00bb custom_margin_last_edited=\u00a0\u00bbon|phone\u00a0\u00bb custom_padding=\u00a0\u00bb8px||0px|||\u00a0\u00bb global_colors_info=\u00a0\u00bb{}\u00a0\u00bb][et_pb_column type=\u00a0\u00bb1_2&Prime; _builder_version=\u00a0\u00bb4.23.4&Prime; _module_preset=\u00a0\u00bbdefault\u00a0\u00bb custom_padding_phone=\u00a0\u00bb0px||0px||false|false\u00a0\u00bb custom_padding_last_edited=\u00a0\u00bboff|phone\u00a0\u00bb global_colors_info=\u00a0\u00bb{}\u00a0\u00bb][dsm_card title=\u00a0\u00bbSuite 1&Prime; image=\u00a0\u00bbhttp:\/\/lessuiteslove.fr\/wp-content\/uploads\/2024\/03\/Suite-1-2.jpg\u00a0\u00bb content_padding=\u00a0\u00bb20px|16px|20px|16px|false|true\u00a0\u00bb button_text=\u00a0\u00bbVoir plus\u00a0\u00bb button_url=\u00a0\u00bbhttps:\/\/lessuiteslove.fr\/?page_id=360&Prime; button_url_new_window=\u00a0\u00bb1&Prime; _builder_version=\u00a0\u00bb4.23.4&Prime; _module_preset=\u00a0\u00bbdefault\u00a0\u00bb header_level=\u00a0\u00bbh2&Prime; header_font=\u00a0\u00bbGreat Vibes||||||||\u00a0\u00bb header_text_align=\u00a0\u00bbcenter\u00a0\u00bb header_text_color=\u00a0\u00bb#b29277&Prime; header_font_size=\u00a0\u00bb36px\u00a0\u00bb body_font=\u00a0\u00bbRoboto Condensed||||||||\u00a0\u00bb body_text_align=\u00a0\u00bbcenter\u00a0\u00bb body_text_color=\u00a0\u00bb#000000&Prime; body_font_size=\u00a0\u00bb18px\u00a0\u00bb body_line_height=\u00a0\u00bb1.9em\u00a0\u00bb background_color=\u00a0\u00bb#f6f5f0&Prime; custom_button=\u00a0\u00bbon\u00a0\u00bb button_text_size=\u00a0\u00bb18px\u00a0\u00bb button_text_color=\u00a0\u00bb#FFFFFF\u00a0\u00bb button_bg_color=\u00a0\u00bb#b29277&Prime; button_border_color=\u00a0\u00bb#b29277&Prime; button_font=\u00a0\u00bbRoboto Condensed||||||||\u00a0\u00bb button_icon=\u00a0\u00bb&#x35;||divi||400&Prime; button_alignment=\u00a0\u00bbcenter\u00a0\u00bb animation_style=\u00a0\u00bbslide\u00a0\u00bb animation_direction=\u00a0\u00bbleft\u00a0\u00bb body_font_size_tablet=\u00a0\u00bb19px\u00a0\u00bb body_font_size_phone=\u00a0\u00bb17px\u00a0\u00bb body_font_size_last_edited=\u00a0\u00bbon|phone\u00a0\u00bb animation_direction_tablet=\u00a0\u00bbleft\u00a0\u00bb animation_direction_phone=\u00a0\u00bbcenter\u00a0\u00bb animation_direction_last_edited=\u00a0\u00bbon|phone\u00a0\u00bb border_radii=\u00a0\u00bbon|6px|6px|6px|6px\u00a0\u00bb box_shadow_style=\u00a0\u00bbpreset1&Prime; box_shadow_color=\u00a0\u00bbrgba(0,0,0,0.17)\u00a0\u00bb global_colors_info=\u00a0\u00bb{}\u00a0\u00bb]<\/p>\n<p>1 spa privatif int\u00e9rieur &#8211; 2 voyageurs &#8211; 1 chambre<br \/>1 lit &#8211; 1 salle de bain &#8211; 1 spa privatif<br \/><span style=\"color: #7b5745;\"><strong>\u00c0 partir de 180\u20ac\/nuit<\/strong><\/span><\/p>\n<p>[\/dsm_card][\/et_pb_column][et_pb_column type=\u00a0\u00bb1_2&Prime; _builder_version=\u00a0\u00bb4.23.4&Prime; _module_preset=\u00a0\u00bbdefault\u00a0\u00bb global_colors_info=\u00a0\u00bb{}\u00a0\u00bb][dsm_card title=\u00a0\u00bbSuite 2&Prime; image=\u00a0\u00bbhttp:\/\/lessuiteslove.fr\/wp-content\/uploads\/2024\/03\/Suite-2-4.jpg\u00a0\u00bb content_padding=\u00a0\u00bb20px|16px|20px|16px|false|true\u00a0\u00bb button_text=\u00a0\u00bbVoir plus\u00a0\u00bb button_url=\u00a0\u00bbhttps:\/\/lessuiteslove.fr\/?page_id=516&Prime; button_url_new_window=\u00a0\u00bb1&Prime; _builder_version=\u00a0\u00bb4.23.4&Prime; _module_preset=\u00a0\u00bbdefault\u00a0\u00bb header_level=\u00a0\u00bbh2&Prime; header_font=\u00a0\u00bbGreat Vibes||||||||\u00a0\u00bb header_text_align=\u00a0\u00bbcenter\u00a0\u00bb header_text_color=\u00a0\u00bb#b29277&Prime; header_font_size=\u00a0\u00bb36px\u00a0\u00bb body_font=\u00a0\u00bbRoboto Condensed||||||||\u00a0\u00bb body_text_align=\u00a0\u00bbcenter\u00a0\u00bb body_text_color=\u00a0\u00bb#000000&Prime; body_font_size=\u00a0\u00bb18px\u00a0\u00bb body_line_height=\u00a0\u00bb1.9em\u00a0\u00bb background_color=\u00a0\u00bb#f6f5f0&Prime; custom_button=\u00a0\u00bbon\u00a0\u00bb button_text_size=\u00a0\u00bb18px\u00a0\u00bb button_text_color=\u00a0\u00bb#FFFFFF\u00a0\u00bb button_bg_color=\u00a0\u00bb#b29277&Prime; button_border_color=\u00a0\u00bb#b29277&Prime; button_font=\u00a0\u00bbRoboto Condensed||||||||\u00a0\u00bb button_icon=\u00a0\u00bb&#x35;||divi||400&Prime; button_alignment=\u00a0\u00bbcenter\u00a0\u00bb animation_style=\u00a0\u00bbslide\u00a0\u00bb animation_direction=\u00a0\u00bbright\u00a0\u00bb hover_enabled=\u00a0\u00bb0&Prime; body_font_size_tablet=\u00a0\u00bb19px\u00a0\u00bb body_font_size_phone=\u00a0\u00bb17px\u00a0\u00bb body_font_size_last_edited=\u00a0\u00bbon|phone\u00a0\u00bb animation_direction_tablet=\u00a0\u00bbleft\u00a0\u00bb animation_direction_phone=\u00a0\u00bbcenter\u00a0\u00bb animation_direction_last_edited=\u00a0\u00bbon|phone\u00a0\u00bb border_radii=\u00a0\u00bbon|6px|6px|6px|6px\u00a0\u00bb box_shadow_style=\u00a0\u00bbpreset1&Prime; box_shadow_color=\u00a0\u00bbrgba(0,0,0,0.17)\u00a0\u00bb locked=\u00a0\u00bboff\u00a0\u00bb global_colors_info=\u00a0\u00bb{}\u00a0\u00bb sticky_enabled=\u00a0\u00bb0&Prime;]<\/p>\n<p>1 spa privatif int\u00e9rieur &#8211; 2 voyageurs &#8211; 1 chambre<br \/>1 lit &#8211; 1 salle de bain &#8211; 1 spa privatif<br \/><span style=\"color: #7b5745;\"><strong>\u00c0 partir de 180\u20ac\/nuit<\/strong><\/span><\/p>\n<p>[\/dsm_card][\/et_pb_column][\/et_pb_row][et_pb_row column_structure=\u00a0\u00bb1_5,3_5,1_5&Prime; _builder_version=\u00a0\u00bb4.23.4&Prime; _module_preset=\u00a0\u00bbdefault\u00a0\u00bb width=\u00a0\u00bb78%\u00a0\u00bb width_tablet=\u00a0\u00bb71%\u00a0\u00bb width_phone=\u00a0\u00bb88%\u00a0\u00bb width_last_edited=\u00a0\u00bbon|phone\u00a0\u00bb custom_padding=\u00a0\u00bb0px|||||\u00a0\u00bb global_colors_info=\u00a0\u00bb{}\u00a0\u00bb][et_pb_column type=\u00a0\u00bb1_5&Prime; _builder_version=\u00a0\u00bb4.23.4&Prime; _module_preset=\u00a0\u00bbdefault\u00a0\u00bb global_colors_info=\u00a0\u00bb{}\u00a0\u00bb][\/et_pb_column][et_pb_column type=\u00a0\u00bb3_5&Prime; _builder_version=\u00a0\u00bb4.23.4&Prime; _module_preset=\u00a0\u00bbdefault\u00a0\u00bb global_colors_info=\u00a0\u00bb{}\u00a0\u00bb][dsm_card title=\u00a0\u00bbSuite 3&Prime; image=\u00a0\u00bbhttp:\/\/lessuiteslove.fr\/wp-content\/uploads\/2024\/03\/Suite-love-3-2.jpg\u00a0\u00bb content_padding=\u00a0\u00bb20px|16px|20px|16px|false|true\u00a0\u00bb button_text=\u00a0\u00bbVoir plus\u00a0\u00bb button_url=\u00a0\u00bbhttps:\/\/lessuiteslove.fr\/?page_id=561&Prime; button_url_new_window=\u00a0\u00bb1&Prime; _builder_version=\u00a0\u00bb4.23.4&Prime; _module_preset=\u00a0\u00bbdefault\u00a0\u00bb header_level=\u00a0\u00bbh2&Prime; header_font=\u00a0\u00bbGreat Vibes||||||||\u00a0\u00bb header_text_align=\u00a0\u00bbcenter\u00a0\u00bb header_text_color=\u00a0\u00bb#b29277&Prime; header_font_size=\u00a0\u00bb36px\u00a0\u00bb body_font=\u00a0\u00bbRoboto Condensed||||||||\u00a0\u00bb body_text_align=\u00a0\u00bbcenter\u00a0\u00bb body_text_color=\u00a0\u00bb#000000&Prime; body_font_size=\u00a0\u00bb18px\u00a0\u00bb body_line_height=\u00a0\u00bb1.9em\u00a0\u00bb background_color=\u00a0\u00bb#f6f5f0&Prime; custom_button=\u00a0\u00bbon\u00a0\u00bb button_text_size=\u00a0\u00bb18px\u00a0\u00bb button_text_color=\u00a0\u00bb#FFFFFF\u00a0\u00bb button_bg_color=\u00a0\u00bb#b29277&Prime; button_border_color=\u00a0\u00bb#b29277&Prime; button_font=\u00a0\u00bbRoboto Condensed||||||||\u00a0\u00bb button_icon=\u00a0\u00bb&#x35;||divi||400&Prime; button_alignment=\u00a0\u00bbcenter\u00a0\u00bb animation_style=\u00a0\u00bbslide\u00a0\u00bb body_font_size_tablet=\u00a0\u00bb19px\u00a0\u00bb body_font_size_phone=\u00a0\u00bb17px\u00a0\u00bb body_font_size_last_edited=\u00a0\u00bbon|phone\u00a0\u00bb animation_direction_phone=\u00a0\u00bbleft\u00a0\u00bb animation_direction_last_edited=\u00a0\u00bboff|desktop\u00a0\u00bb border_radii=\u00a0\u00bbon|6px|6px|6px|6px\u00a0\u00bb box_shadow_style=\u00a0\u00bbpreset1&Prime; box_shadow_color=\u00a0\u00bbrgba(0,0,0,0.17)\u00a0\u00bb global_colors_info=\u00a0\u00bb{}\u00a0\u00bb]<\/p>\n<p>1 spa privatif ext\u00e9rieur &#8211; 2 voyageurs &#8211; 1 chambre<br \/>1 lit &#8211; 1 salle de bain &#8211; 1 spa<br \/><span style=\"color: #7b5745;\"><strong>\u00c0 partir de 180\u20ac\/nuit<\/strong><\/span><\/p>\n<p>[\/dsm_card][\/et_pb_column][et_pb_column type=\u00a0\u00bb1_5&Prime; _builder_version=\u00a0\u00bb4.23.4&Prime; _module_preset=\u00a0\u00bbdefault\u00a0\u00bb global_colors_info=\u00a0\u00bb{}\u00a0\u00bb][\/et_pb_column][\/et_pb_row][\/et_pb_section]<\/p>\n","protected":false},"excerpt":{"rendered":"<p>Nos SuitesExplorez nos 3 suites Love offrant une vue imprenable sur la mer M\u00e9diterran\u00e9e \u00e0 Marseille.<div class=\"et_pb_module dsm_card dsm_card_0 et_animated et_pb_bg_layout_light  dsm_card_layout_stacked\">\n\t\t\t\t\n\t\t\t\t\n\t\t\t\t\n\t\t\t\t\n\t\t\t\t\n\t\t\t\t\n\t\t\t\t<div class=\"et_pb_module_inner\">\n\t\t\t\t\t\n\t\t\t\n\t\t\t<figure class=\"dsm_card_image_wrapper dsm_card_badge_top_right\"><div class=\"dsm_card_image_background dsm_card_img\"><\/div><\/figure>\n\t\t\t<div class=\"et_pb_module dsm_card_wrapper et_pb_text_align_left\">\n\t\t\t\t\t\n\t\t\t\t\t<h2 class=\"dsm_card_title et_pb_module_header\">Suite 1<\/h2>\n\t\t\t\t\t\n\t\t\t\t\t<div class=\"dsm_card_description\">1 spa privatif int\u00e9rieur &#8211; 2 voyageurs &#8211; 1 chambre1 lit &#8211; 1 salle de bain &#8211; 1 spa privatif\u00c0 partir de 180\u20ac\/nuit<\/div>\n\t\t\t\t\t<div class=\"et_pb_button_wrapper\"><a class=\"et_pb_button et_pb_more_button \" href=\"https:\/\/lessuiteslove.fr\/?page_id=360\" data-icon=\"&#x35;\">Voir plus<\/a><\/div>\n\t\t\t\t<\/div>\n\t\t\t\n\t\t\t\t<\/div>\n\t\t\t<\/div><div class=\"et_pb_module dsm_card dsm_card_1 et_animated et_pb_bg_layout_light  dsm_card_layout_stacked\">\n\t\t\t\t\n\t\t\t\t\n\t\t\t\t\n\t\t\t\t\n\t\t\t\t\n\t\t\t\t\n\t\t\t\t<div class=\"et_pb_module_inner\">\n\t\t\t\t\t\n\t\t\t\n\t\t\t<figure class=\"dsm_card_image_wrapper dsm_card_badge_top_right\"><div class=\"dsm_card_image_background dsm_card_img\"><\/div><\/figure>\n\t\t\t<div class=\"et_pb_module dsm_card_wrapper et_pb_text_align_left\">\n\t\t\t\t\t\n\t\t\t\t\t<h2 class=\"dsm_card_title et_pb_module_header\">Suite 2<\/h2>\n\t\t\t\t\t\n\t\t\t\t\t<div class=\"dsm_card_description\">1 spa privatif int\u00e9rieur &#8211; 2 voyageurs &#8211; 1 chambre1 lit &#8211; 1 salle de bain &#8211; 1 spa privatif\u00c0 partir de 180\u20ac\/nuit<\/div>\n\t\t\t\t\t<div class=\"et_pb_button_wrapper\"><a class=\"et_pb_button et_pb_more_button \" href=\"https:\/\/lessuiteslove.fr\/?page_id=516\" data-icon=\"&#x35;\">Voir plus<\/a><\/div>\n\t\t\t\t<\/div>\n\t\t\t\n\t\t\t\t<\/div>\n\t\t\t<\/div><div class=\"et_pb_module dsm_card dsm_card_2 et_animated et_pb_bg_layout_light  dsm_card_layout_stacked\">\n\t\t\t\t\n\t\t\t\t\n\t\t\t\t\n\t\t\t\t\n\t\t\t\t\n\t\t\t\t\n\t\t\t\t<div class=\"et_pb_module_inner\">\n\t\t\t\t\t\n\t\t\t\n\t\t\t<figure class=\"dsm_card_image_wrapper dsm_card_badge_top_right\"><div class=\"dsm_card_image_background dsm_card_img\"><\/div><\/figure>\n\t\t\t<div class=\"et_pb_module dsm_card_wrapper et_pb_text_align_left\">\n\t\t\t\t\t\n\t\t\t\t\t<h2 class=\"dsm_card_title et_pb_module_header\">Suite 3<\/h2>\n\t\t\t\t\t\n\t\t\t\t\t\n\t\t\t\t\t<div class=\"et_pb_button_wrapper\"><a class=\"et_pb_button et_pb_more_button \" href=\"https:\/\/lessuiteslove.fr\/?page_id=561\" data-icon=\"&#x35;\">Voir plus<\/a><\/div>\n\t\t\t\t<\/div>\n\t\t\t\n\t\t\t\t<\/div>\n\t\t\t<\/div>1 spa privatif ext\u00e9rieur &#8211; 2 voyageurs &#8211; [&hellip;]<\/p>\n","protected":false},"author":1,"featured_media":0,"parent":0,"menu_order":0,"comment_status":"closed","ping_status":"closed","template":"","meta":{"_et_pb_use_builder":"on","_et_pb_old_content":"","_et_gb_content_width":"","_monsterinsights_skip_tracking":false,"_monsterinsights_sitenote_active":false,"_monsterinsights_sitenote_note":"","_monsterinsights_sitenote_category":0,"footnotes":""},"class_list":["post-265","page","type-page","status-publish","hentry"],"yoast_head":"<!-- This site is optimized with the Yoast SEO plugin v27.5 - https:\/\/yoast.com\/product\/yoast-seo-wordpress\/ -->\n<title>Suites - Les Suites Love<\/title>\n<meta name=\"description\" content=\"Explorez nos 3 Suites Love offrant une vue imprenable sur la mer M\u00e9diterran\u00e9e \u00e0 Marseille. C\u2019est une r\u00e9elle invitation au voyage\u2026\" \/>\n<meta name=\"robots\" content=\"index, follow, max-snippet:-1, max-image-preview:large, max-video-preview:-1\" \/>\n<link rel=\"canonical\" href=\"https:\/\/lessuiteslove.fr\/?page_id=265\" \/>\n<meta property=\"og:locale\" content=\"fr_FR\" \/>\n<meta property=\"og:type\" content=\"article\" \/>\n<meta property=\"og:title\" content=\"Suites - Les Suites Love\" \/>\n<meta property=\"og:description\" content=\"Explorez nos 3 Suites Love offrant une vue imprenable sur la mer M\u00e9diterran\u00e9e \u00e0 Marseille. C\u2019est une r\u00e9elle invitation au voyage\u2026\" \/>\n<meta property=\"og:url\" content=\"https:\/\/lessuiteslove.fr\/?page_id=265\" \/>\n<meta property=\"og:site_name\" content=\"Les Suites Love\" \/>\n<meta property=\"article:publisher\" content=\"https:\/\/www.facebook.com\/lessuiteslove\" \/>\n<meta property=\"article:modified_time\" content=\"2025-04-02T07:16:01+00:00\" \/>\n<meta name=\"twitter:card\" content=\"summary_large_image\" \/>\n<meta name=\"twitter:label1\" content=\"Dur\u00e9e de lecture estim\u00e9e\" \/>\n\t<meta name=\"twitter:data1\" content=\"1 minute\" \/>\n<script type=\"application\/ld+json\" class=\"yoast-schema-graph\">{\"@context\":\"https:\\\/\\\/schema.org\",\"@graph\":[{\"@type\":\"WebPage\",\"@id\":\"https:\\\/\\\/lessuiteslove.fr\\\/?page_id=265\",\"url\":\"https:\\\/\\\/lessuiteslove.fr\\\/?page_id=265\",\"name\":\"Suites - Les Suites Love\",\"isPartOf\":{\"@id\":\"https:\\\/\\\/lessuiteslove.fr\\\/#website\"},\"datePublished\":\"2024-03-06T13:21:09+00:00\",\"dateModified\":\"2025-04-02T07:16:01+00:00\",\"description\":\"Explorez nos 3 Suites Love offrant une vue imprenable sur la mer M\u00e9diterran\u00e9e \u00e0 Marseille. C\u2019est une r\u00e9elle invitation au voyage\u2026\",\"breadcrumb\":{\"@id\":\"https:\\\/\\\/lessuiteslove.fr\\\/?page_id=265#breadcrumb\"},\"inLanguage\":\"fr-FR\",\"potentialAction\":[{\"@type\":\"ReadAction\",\"target\":[\"https:\\\/\\\/lessuiteslove.fr\\\/?page_id=265\"]}]},{\"@type\":\"BreadcrumbList\",\"@id\":\"https:\\\/\\\/lessuiteslove.fr\\\/?page_id=265#breadcrumb\",\"itemListElement\":[{\"@type\":\"ListItem\",\"position\":1,\"name\":\"Accueil\",\"item\":\"https:\\\/\\\/lessuiteslove.fr\\\/\"},{\"@type\":\"ListItem\",\"position\":2,\"name\":\"Suites\"}]},{\"@type\":\"WebSite\",\"@id\":\"https:\\\/\\\/lessuiteslove.fr\\\/#website\",\"url\":\"https:\\\/\\\/lessuiteslove.fr\\\/\",\"name\":\"Les Suites Love\",\"description\":\"Spa, vue mer, piscine Marseille\",\"publisher\":{\"@id\":\"https:\\\/\\\/lessuiteslove.fr\\\/#organization\"},\"potentialAction\":[{\"@type\":\"SearchAction\",\"target\":{\"@type\":\"EntryPoint\",\"urlTemplate\":\"https:\\\/\\\/lessuiteslove.fr\\\/?s={search_term_string}\"},\"query-input\":{\"@type\":\"PropertyValueSpecification\",\"valueRequired\":true,\"valueName\":\"search_term_string\"}}],\"inLanguage\":\"fr-FR\"},{\"@type\":\"Organization\",\"@id\":\"https:\\\/\\\/lessuiteslove.fr\\\/#organization\",\"name\":\"Les Suites Love\",\"url\":\"https:\\\/\\\/lessuiteslove.fr\\\/\",\"logo\":{\"@type\":\"ImageObject\",\"inLanguage\":\"fr-FR\",\"@id\":\"https:\\\/\\\/lessuiteslove.fr\\\/#\\\/schema\\\/logo\\\/image\\\/\",\"url\":\"https:\\\/\\\/lessuiteslove.fr\\\/wp-content\\\/uploads\\\/2024\\\/03\\\/Logo-Villa.png\",\"contentUrl\":\"https:\\\/\\\/lessuiteslove.fr\\\/wp-content\\\/uploads\\\/2024\\\/03\\\/Logo-Villa.png\",\"width\":1000,\"height\":1000,\"caption\":\"Les Suites Love\"},\"image\":{\"@id\":\"https:\\\/\\\/lessuiteslove.fr\\\/#\\\/schema\\\/logo\\\/image\\\/\"},\"sameAs\":[\"https:\\\/\\\/www.facebook.com\\\/lessuiteslove\",\"https:\\\/\\\/www.instagram.com\\\/lessuiteslove\\\/\"]}]}<\/script>\n<!-- \/ Yoast SEO plugin. -->","yoast_head_json":{"title":"Suites - Les Suites Love","description":"Explorez nos 3 Suites Love offrant une vue imprenable sur la mer M\u00e9diterran\u00e9e \u00e0 Marseille. C\u2019est une r\u00e9elle invitation au voyage\u2026","robots":{"index":"index","follow":"follow","max-snippet":"max-snippet:-1","max-image-preview":"max-image-preview:large","max-video-preview":"max-video-preview:-1"},"canonical":"https:\/\/lessuiteslove.fr\/?page_id=265","og_locale":"fr_FR","og_type":"article","og_title":"Suites - Les Suites Love","og_description":"Explorez nos 3 Suites Love offrant une vue imprenable sur la mer M\u00e9diterran\u00e9e \u00e0 Marseille. C\u2019est une r\u00e9elle invitation au voyage\u2026","og_url":"https:\/\/lessuiteslove.fr\/?page_id=265","og_site_name":"Les Suites Love","article_publisher":"https:\/\/www.facebook.com\/lessuiteslove","article_modified_time":"2025-04-02T07:16:01+00:00","twitter_card":"summary_large_image","twitter_misc":{"Dur\u00e9e de lecture estim\u00e9e":"1 minute"},"schema":{"@context":"https:\/\/schema.org","@graph":[{"@type":"WebPage","@id":"https:\/\/lessuiteslove.fr\/?page_id=265","url":"https:\/\/lessuiteslove.fr\/?page_id=265","name":"Suites - Les Suites Love","isPartOf":{"@id":"https:\/\/lessuiteslove.fr\/#website"},"datePublished":"2024-03-06T13:21:09+00:00","dateModified":"2025-04-02T07:16:01+00:00","description":"Explorez nos 3 Suites Love offrant une vue imprenable sur la mer M\u00e9diterran\u00e9e \u00e0 Marseille. C\u2019est une r\u00e9elle invitation au voyage\u2026","breadcrumb":{"@id":"https:\/\/lessuiteslove.fr\/?page_id=265#breadcrumb"},"inLanguage":"fr-FR","potentialAction":[{"@type":"ReadAction","target":["https:\/\/lessuiteslove.fr\/?page_id=265"]}]},{"@type":"BreadcrumbList","@id":"https:\/\/lessuiteslove.fr\/?page_id=265#breadcrumb","itemListElement":[{"@type":"ListItem","position":1,"name":"Accueil","item":"https:\/\/lessuiteslove.fr\/"},{"@type":"ListItem","position":2,"name":"Suites"}]},{"@type":"WebSite","@id":"https:\/\/lessuiteslove.fr\/#website","url":"https:\/\/lessuiteslove.fr\/","name":"Les Suites Love","description":"Spa, vue mer, piscine Marseille","publisher":{"@id":"https:\/\/lessuiteslove.fr\/#organization"},"potentialAction":[{"@type":"SearchAction","target":{"@type":"EntryPoint","urlTemplate":"https:\/\/lessuiteslove.fr\/?s={search_term_string}"},"query-input":{"@type":"PropertyValueSpecification","valueRequired":true,"valueName":"search_term_string"}}],"inLanguage":"fr-FR"},{"@type":"Organization","@id":"https:\/\/lessuiteslove.fr\/#organization","name":"Les Suites Love","url":"https:\/\/lessuiteslove.fr\/","logo":{"@type":"ImageObject","inLanguage":"fr-FR","@id":"https:\/\/lessuiteslove.fr\/#\/schema\/logo\/image\/","url":"https:\/\/lessuiteslove.fr\/wp-content\/uploads\/2024\/03\/Logo-Villa.png","contentUrl":"https:\/\/lessuiteslove.fr\/wp-content\/uploads\/2024\/03\/Logo-Villa.png","width":1000,"height":1000,"caption":"Les Suites Love"},"image":{"@id":"https:\/\/lessuiteslove.fr\/#\/schema\/logo\/image\/"},"sameAs":["https:\/\/www.facebook.com\/lessuiteslove","https:\/\/www.instagram.com\/lessuiteslove\/"]}]}},"_links":{"self":[{"href":"https:\/\/lessuiteslove.fr\/index.php?rest_route=\/wp\/v2\/pages\/265","targetHints":{"allow":["GET"]}}],"collection":[{"href":"https:\/\/lessuiteslove.fr\/index.php?rest_route=\/wp\/v2\/pages"}],"about":[{"href":"https:\/\/lessuiteslove.fr\/index.php?rest_route=\/wp\/v2\/types\/page"}],"author":[{"embeddable":true,"href":"https:\/\/lessuiteslove.fr\/index.php?rest_route=\/wp\/v2\/users\/1"}],"replies":[{"embeddable":true,"href":"https:\/\/lessuiteslove.fr\/index.php?rest_route=%2Fwp%2Fv2%2Fcomments&post=265"}],"version-history":[{"count":36,"href":"https:\/\/lessuiteslove.fr\/index.php?rest_route=\/wp\/v2\/pages\/265\/revisions"}],"predecessor-version":[{"id":1030,"href":"https:\/\/lessuiteslove.fr\/index.php?rest_route=\/wp\/v2\/pages\/265\/revisions\/1030"}],"wp:attachment":[{"href":"https:\/\/lessuiteslove.fr\/index.php?rest_route=%2Fwp%2Fv2%2Fmedia&parent=265"}],"curies":[{"name":"wp","href":"https:\/\/api.w.org\/{rel}","templated":true}]}}